{"id":2304,"date":"2024-07-12T13:30:20","date_gmt":"2024-07-12T16:30:20","guid":{"rendered":"https:\/\/photobonheur.com\/politica-de-privacidad\/"},"modified":"2026-04-14T14:50:56","modified_gmt":"2026-04-14T17:50:56","slug":"politica-de-privacidad","status":"publish","type":"page","link":"https:\/\/photobonheur.com\/es\/politica-de-privacidad\/","title":{"rendered":"POL\u00cdTICA DE PRIVACIDAD"},"content":{"rendered":"\n<p>En Photo Bonheur ponemos a su disposici\u00f3n, de forma clara y concisa, toda la informaci\u00f3n relativa a sus datos personales:<\/p>\n\n<p>\u00bfQui\u00e9n trata sus datos?<\/p>\n\n<p>Nombre: Ver\u00f3nica Contreras <\/p>\n\n<p>Tel\u00e9fono: +41 78 246 29 79 <\/p>\n\n<p>E-mail : info@photobonheur.ch <\/p>\n\n<p><strong>\u00bfQu\u00e9 datos recopilamos?<\/strong><\/p>\n\n<p>Directamente: Datos de identificaci\u00f3n <\/p>\n\n<p>&#8211; A trav\u00e9s de nuestro formulario de contacto. <\/p>\n\n<p>&#8211; Interacci\u00f3n en las redes sociales. <\/p>\n\n<p>&#8211; Suscripci\u00f3n a nuestros servicios. <\/p>\n\n<p><strong>De forma indirecta:<\/strong> mediante el uso de cookies y otras tecnolog\u00edas <\/p>\n\n<p>&#8211; Datos estad\u00edsticos <\/p>\n\n<p>&#8211; Datos de localizaci\u00f3n <\/p>\n\n<p>&#8211; Datos de navegaci\u00f3n <\/p>\n\n<p><strong>\u00bfQu\u00e9 hacemos con tus datos?<\/strong><\/p>\n\n<p>&#8211; Responder a las solicitudes y consultas realizadas a trav\u00e9s de la secci\u00f3n de contacto y\/o las redes sociales. <\/p>\n\n<p>&#8211; Prestarle nuestros servicios: <\/p>\n\n<p> &#8211; Contacto por correo electr\u00f3nico y\/o por tel\u00e9fono. <\/p>\n\n<p> &#8211; Incorporaci\u00f3n de sus datos de identificaci\u00f3n en nuestras bases de datos para registrar a nuestros clientes (nombre, apellidos, correo electr\u00f3nico, tel\u00e9fono, etc.). <\/p>\n\n<p>Los datos recopilados de forma indirecta a trav\u00e9s de cookies y otras tecnolog\u00edas nos permiten: <\/p>\n\n<p>&#8211; Obtener informaci\u00f3n estad\u00edstica sobre las visitas a nuestro sitio web. <\/p>\n\n<p>&#8211; Analizar los h\u00e1bitos de navegaci\u00f3n para conocer los productos y\/o servicios que m\u00e1s interesan a los visitantes de nuestro sitio web. <\/p>\n\n<p><strong>\u00bfC\u00f3mo las hemos conseguido?<\/strong><\/p>\n\n<p>Directamente por parte del usuario: <\/p>\n\n<p>&#8211; Incluy\u00e9ndolos en nuestro formulario de contacto. <\/p>\n\n<p>&#8211; Al facilitarlos en el momento de la formalizaci\u00f3n del contrato de prestaci\u00f3n de servicios. <\/p>\n\n<p>&#8211; Sigui\u00e9ndonos y compartiendo contenido, consultas u opiniones a trav\u00e9s de las redes sociales. <\/p>\n\n<p>Si ha cambiado de opini\u00f3n y ya no desea que conservemos sus datos, p\u00f3ngase en contacto con nosotros en info@photobonheur.ch <\/p>\n\n<p>De forma indirecta, a trav\u00e9s de cookies y otras tecnolog\u00edas (para obtener m\u00e1s informaci\u00f3n sobre su funcionamiento, consulta nuestra Pol\u00edtica de cookies). <\/p>\n\n<p>\u00bfDurante cu\u00e1nto tiempo conservamos tus datos?<\/p>\n\n<p>**\u00bfCompartimos sus datos?<\/p>\n\n<p>NO\/S\u00cd (si procede, indique con qui\u00e9n)<\/p>\n\n<p>Quels droits avez-vous pour la protection de vos donn\u00e9es ?<\/p>\n\n<p>\u00bfQu\u00e9 derechos tiene en materia de protecci\u00f3n de datos? <\/p>\n\n<p>\u00bfEn qu\u00e9 consisten? <\/p>\n\n<p>&#8211; Acceso: Puede ponerse en contacto con nosotros para saber si tratamos sus datos y, en su caso, solicitar informaci\u00f3n sobre dicho tratamiento. <\/p>\n\n<p>&#8211; Rectificaci\u00f3n: Si detecta alg\u00fan error en sus datos, puede solicitarnos que los rectifiquemos lo antes posible. <\/p>\n\n<p>&#8211; Supresi\u00f3n: Puede solicitar que eliminemos sus datos de nuestros archivos. <\/p>\n\n<p>&#8211; Portabilidad: Puede solicitarnos que le facilitemos sus datos para transmitirlos a un tercero. <\/p>\n\n<p>&#8211; Limitaci\u00f3n u oposici\u00f3n: Puede oponerse al tratamiento de sus datos. <\/p>\n\n<p>Puede ejercer cualquiera de los derechos mencionados anteriormente escribi\u00e9ndonos a la direcci\u00f3n de correo electr\u00f3nico info@photobonheur.ch e incluyendo una copia de su documento de identidad. <\/p>\n\n<p>Nos reservamos el derecho a modificar y actualizar la presente Pol\u00edtica de privacidad en cualquier momento. <\/p>\n\n<p>Fecha de la \u00faltima actualizaci\u00f3n: 20\/02\/2025<\/p>\n\n<p><\/p>\n","protected":false},"excerpt":{"rendered":"<p>En Photo Bonheur ponemos a su disposici\u00f3n, de forma clara y concisa, toda la informaci\u00f3n relativa a sus datos personales: [&hellip;]<\/p>\n","protected":false},"author":1,"featured_media":0,"parent":0,"menu_order":0,"comment_status":"closed","ping_status":"closed","template":"","meta":{"site-sidebar-layout":"default","site-content-layout":"","ast-site-content-layout":"default","site-content-style":"default","site-sidebar-style":"default","ast-global-header-display":"","ast-banner-title-visibility":"","ast-main-header-display":"","ast-hfb-above-header-display":"","ast-hfb-below-header-display":"","ast-hfb-mobile-header-display":"","site-post-title":"","ast-breadcrumbs-content":"","ast-featured-img":"","footer-sml-layout":"","ast-disable-related-posts":"","theme-transparent-header-meta":"","adv-header-id-meta":"","stick-header-meta":"","header-above-stick-meta":"","header-main-stick-meta":"","header-below-stick-meta":"","astra-migrate-meta-layouts":"default","ast-page-background-enabled":"default","ast-page-background-meta":{"desktop":{"background-color":"var(--ast-global-color-4)","background-image":"","background-repeat":"repeat","background-position":"center center","background-size":"auto","background-attachment":"scroll","background-type":"","background-media":"","overlay-type":"","overlay-color":"","overlay-opacity":"","overlay-gradient":""},"tablet":{"background-color":"","background-image":"","background-repeat":"repeat","background-position":"center center","background-size":"auto","background-attachment":"scroll","background-type":"","background-media":"","overlay-type":"","overlay-color":"","overlay-opacity":"","overlay-gradient":""},"mobile":{"background-color":"","background-image":"","background-repeat":"repeat","background-position":"center center","background-size":"auto","background-attachment":"scroll","background-type":"","background-media":"","overlay-type":"","overlay-color":"","overlay-opacity":"","overlay-gradient":""}},"ast-content-background-meta":{"desktop":{"background-color":"var(--ast-global-color-5)","background-image":"","background-repeat":"repeat","background-position":"center center","background-size":"auto","background-attachment":"scroll","background-type":"","background-media":"","overlay-type":"","overlay-color":"","overlay-opacity":"","overlay-gradient":""},"tablet":{"background-color":"var(--ast-global-color-5)","background-image":"","background-repeat":"repeat","background-position":"center center","background-size":"auto","background-attachment":"scroll","background-type":"","background-media":"","overlay-type":"","overlay-color":"","overlay-opacity":"","overlay-gradient":""},"mobile":{"background-color":"var(--ast-global-color-5)","background-image":"","background-repeat":"repeat","background-position":"center center","background-size":"auto","background-attachment":"scroll","background-type":"","background-media":"","overlay-type":"","overlay-color":"","overlay-opacity":"","overlay-gradient":""}},"footnotes":""},"class_list":["post-2304","page","type-page","status-publish","hentry"],"yoast_head":"<!-- This site is optimized with the Yoast SEO plugin v27.2 - https:\/\/yoast.com\/product\/yoast-seo-wordpress\/ -->\n<title>POL\u00cdTICA DE PRIVACIDAD &#171; Photo Bonheur<\/title>\n<meta name=\"robots\" content=\"index, follow, max-snippet:-1, max-image-preview:large, max-video-preview:-1\" \/>\n<link rel=\"canonical\" href=\"https:\/\/photobonheur.com\/es\/politica-de-privacidad\/\" \/>\n<meta property=\"og:locale\" content=\"es_ES\" \/>\n<meta property=\"og:type\" content=\"article\" \/>\n<meta property=\"og:title\" content=\"POL\u00cdTICA DE PRIVACIDAD &#171; Photo Bonheur\" \/>\n<meta property=\"og:description\" content=\"En Photo Bonheur ponemos a su disposici\u00f3n, de forma clara y concisa, toda la informaci\u00f3n relativa a sus datos personales: [&hellip;]\" \/>\n<meta property=\"og:url\" content=\"https:\/\/photobonheur.com\/es\/politica-de-privacidad\/\" \/>\n<meta property=\"og:site_name\" content=\"Photo Bonheur\" \/>\n<meta property=\"article:modified_time\" content=\"2026-04-14T17:50:56+00:00\" \/>\n<meta property=\"og:image\" content=\"https:\/\/photobonheur.com\/wp-content\/uploads\/2025\/02\/logo-fondo-azul.png\" \/>\n\t<meta property=\"og:image:width\" content=\"563\" \/>\n\t<meta property=\"og:image:height\" content=\"563\" \/>\n\t<meta property=\"og:image:type\" content=\"image\/png\" \/>\n<meta name=\"twitter:card\" content=\"summary_large_image\" \/>\n<meta name=\"twitter:label1\" content=\"Tiempo de lectura\" \/>\n\t<meta name=\"twitter:data1\" content=\"2 minutos\" \/>\n<script type=\"application\/ld+json\" class=\"yoast-schema-graph\">{\"@context\":\"https:\/\/schema.org\",\"@graph\":[{\"@type\":\"WebPage\",\"@id\":\"https:\/\/photobonheur.com\/es\/politica-de-privacidad\/\",\"url\":\"https:\/\/photobonheur.com\/es\/politica-de-privacidad\/\",\"name\":\"POL\u00cdTICA DE PRIVACIDAD &#171; Photo Bonheur\",\"isPartOf\":{\"@id\":\"https:\/\/photobonheur.com\/#website\"},\"datePublished\":\"2024-07-12T16:30:20+00:00\",\"dateModified\":\"2026-04-14T17:50:56+00:00\",\"breadcrumb\":{\"@id\":\"https:\/\/photobonheur.com\/es\/politica-de-privacidad\/#breadcrumb\"},\"inLanguage\":\"es\",\"potentialAction\":[{\"@type\":\"ReadAction\",\"target\":[\"https:\/\/photobonheur.com\/es\/politica-de-privacidad\/\"]}]},{\"@type\":\"BreadcrumbList\",\"@id\":\"https:\/\/photobonheur.com\/es\/politica-de-privacidad\/#breadcrumb\",\"itemListElement\":[{\"@type\":\"ListItem\",\"position\":1,\"name\":\"Inicio\",\"item\":\"https:\/\/photobonheur.com\/es\/inicio\/\"},{\"@type\":\"ListItem\",\"position\":2,\"name\":\"POL\u00cdTICA DE PRIVACIDAD\"}]},{\"@type\":\"WebSite\",\"@id\":\"https:\/\/photobonheur.com\/#website\",\"url\":\"https:\/\/photobonheur.com\/\",\"name\":\"Photo Bonheur\",\"description\":\"Photographe de moments pr\u00e9cieux en Suisse romande\",\"publisher\":{\"@id\":\"https:\/\/photobonheur.com\/#organization\"},\"potentialAction\":[{\"@type\":\"SearchAction\",\"target\":{\"@type\":\"EntryPoint\",\"urlTemplate\":\"https:\/\/photobonheur.com\/?s={search_term_string}\"},\"query-input\":{\"@type\":\"PropertyValueSpecification\",\"valueRequired\":true,\"valueName\":\"search_term_string\"}}],\"inLanguage\":\"es\"},{\"@type\":\"Organization\",\"@id\":\"https:\/\/photobonheur.com\/#organization\",\"name\":\"Photo Bonheur\",\"url\":\"https:\/\/photobonheur.com\/\",\"logo\":{\"@type\":\"ImageObject\",\"inLanguage\":\"es\",\"@id\":\"https:\/\/photobonheur.com\/#\/schema\/logo\/image\/\",\"url\":\"https:\/\/photobonheur.com\/wp-content\/uploads\/2025\/02\/cropped-logo-fondo-azul-e1740683435416.png\",\"contentUrl\":\"https:\/\/photobonheur.com\/wp-content\/uploads\/2025\/02\/cropped-logo-fondo-azul-e1740683435416.png\",\"width\":381,\"height\":334,\"caption\":\"Photo Bonheur\"},\"image\":{\"@id\":\"https:\/\/photobonheur.com\/#\/schema\/logo\/image\/\"},\"sameAs\":[\"https:\/\/www.instagram.com\/photobonheur.ch\/\"]}]}<\/script>\n<!-- \/ Yoast SEO plugin. -->","yoast_head_json":{"title":"POL\u00cdTICA DE PRIVACIDAD &#171; Photo Bonheur","robots":{"index":"index","follow":"follow","max-snippet":"max-snippet:-1","max-image-preview":"max-image-preview:large","max-video-preview":"max-video-preview:-1"},"canonical":"https:\/\/photobonheur.com\/es\/politica-de-privacidad\/","og_locale":"es_ES","og_type":"article","og_title":"POL\u00cdTICA DE PRIVACIDAD &#171; Photo Bonheur","og_description":"En Photo Bonheur ponemos a su disposici\u00f3n, de forma clara y concisa, toda la informaci\u00f3n relativa a sus datos personales: [&hellip;]","og_url":"https:\/\/photobonheur.com\/es\/politica-de-privacidad\/","og_site_name":"Photo Bonheur","article_modified_time":"2026-04-14T17:50:56+00:00","og_image":[{"width":563,"height":563,"url":"https:\/\/photobonheur.com\/wp-content\/uploads\/2025\/02\/logo-fondo-azul.png","type":"image\/png"}],"twitter_card":"summary_large_image","twitter_misc":{"Tiempo de lectura":"2 minutos"},"schema":{"@context":"https:\/\/schema.org","@graph":[{"@type":"WebPage","@id":"https:\/\/photobonheur.com\/es\/politica-de-privacidad\/","url":"https:\/\/photobonheur.com\/es\/politica-de-privacidad\/","name":"POL\u00cdTICA DE PRIVACIDAD &#171; Photo Bonheur","isPartOf":{"@id":"https:\/\/photobonheur.com\/#website"},"datePublished":"2024-07-12T16:30:20+00:00","dateModified":"2026-04-14T17:50:56+00:00","breadcrumb":{"@id":"https:\/\/photobonheur.com\/es\/politica-de-privacidad\/#breadcrumb"},"inLanguage":"es","potentialAction":[{"@type":"ReadAction","target":["https:\/\/photobonheur.com\/es\/politica-de-privacidad\/"]}]},{"@type":"BreadcrumbList","@id":"https:\/\/photobonheur.com\/es\/politica-de-privacidad\/#breadcrumb","itemListElement":[{"@type":"ListItem","position":1,"name":"Inicio","item":"https:\/\/photobonheur.com\/es\/inicio\/"},{"@type":"ListItem","position":2,"name":"POL\u00cdTICA DE PRIVACIDAD"}]},{"@type":"WebSite","@id":"https:\/\/photobonheur.com\/#website","url":"https:\/\/photobonheur.com\/","name":"Photo Bonheur","description":"Photographe de moments pr\u00e9cieux en Suisse romande","publisher":{"@id":"https:\/\/photobonheur.com\/#organization"},"potentialAction":[{"@type":"SearchAction","target":{"@type":"EntryPoint","urlTemplate":"https:\/\/photobonheur.com\/?s={search_term_string}"},"query-input":{"@type":"PropertyValueSpecification","valueRequired":true,"valueName":"search_term_string"}}],"inLanguage":"es"},{"@type":"Organization","@id":"https:\/\/photobonheur.com\/#organization","name":"Photo Bonheur","url":"https:\/\/photobonheur.com\/","logo":{"@type":"ImageObject","inLanguage":"es","@id":"https:\/\/photobonheur.com\/#\/schema\/logo\/image\/","url":"https:\/\/photobonheur.com\/wp-content\/uploads\/2025\/02\/cropped-logo-fondo-azul-e1740683435416.png","contentUrl":"https:\/\/photobonheur.com\/wp-content\/uploads\/2025\/02\/cropped-logo-fondo-azul-e1740683435416.png","width":381,"height":334,"caption":"Photo Bonheur"},"image":{"@id":"https:\/\/photobonheur.com\/#\/schema\/logo\/image\/"},"sameAs":["https:\/\/www.instagram.com\/photobonheur.ch\/"]}]}},"_links":{"self":[{"href":"https:\/\/photobonheur.com\/es\/wp-json\/wp\/v2\/pages\/2304","targetHints":{"allow":["GET"]}}],"collection":[{"href":"https:\/\/photobonheur.com\/es\/wp-json\/wp\/v2\/pages"}],"about":[{"href":"https:\/\/photobonheur.com\/es\/wp-json\/wp\/v2\/types\/page"}],"author":[{"embeddable":true,"href":"https:\/\/photobonheur.com\/es\/wp-json\/wp\/v2\/users\/1"}],"replies":[{"embeddable":true,"href":"https:\/\/photobonheur.com\/es\/wp-json\/wp\/v2\/comments?post=2304"}],"version-history":[{"count":3,"href":"https:\/\/photobonheur.com\/es\/wp-json\/wp\/v2\/pages\/2304\/revisions"}],"predecessor-version":[{"id":2308,"href":"https:\/\/photobonheur.com\/es\/wp-json\/wp\/v2\/pages\/2304\/revisions\/2308"}],"wp:attachment":[{"href":"https:\/\/photobonheur.com\/es\/wp-json\/wp\/v2\/media?parent=2304"}],"curies":[{"name":"wp","href":"https:\/\/api.w.org\/{rel}","templated":true}]}}