{"id":2293,"date":"2024-07-12T13:29:17","date_gmt":"2024-07-12T16:29:17","guid":{"rendered":"https:\/\/photobonheur.com\/politica-de-cookies\/"},"modified":"2026-04-14T14:34:20","modified_gmt":"2026-04-14T17:34:20","slug":"politica-de-cookies","status":"publish","type":"page","link":"https:\/\/photobonheur.com\/es\/politica-de-cookies\/","title":{"rendered":"POL\u00cdTICA DE COOKIES"},"content":{"rendered":"\n<p><strong>\u00bfQu\u00e9 son las cookies?<\/strong><\/p>\n\n<p>Este sitio web utiliza cookies y\/o tecnolog\u00edas similares que almacenan y recuperan informaci\u00f3n cuando usted navega. En general, estas tecnolog\u00edas pueden servir para diversas finalidades, como por ejemplo reconocerle como usuario, obtener informaci\u00f3n sobre sus h\u00e1bitos de navegaci\u00f3n o personalizar la forma en que se muestra el contenido. <\/p>\n\n<p><strong>\u00bfQu\u00e9 tipos de cookies se utilizan en este sitio web?<\/strong><\/p>\n\n<p><strong>Cookies de terceros<\/strong>:<\/p>\n\n<p>Cookies de an\u00e1lisis: permiten cuantificar el n\u00famero de usuarios y as\u00ed realizar la medici\u00f3n y el an\u00e1lisis estad\u00edstico de la utilizaci\u00f3n que hacen los usuarios del servicio ofertado. Para ello, se analiza su navegaci\u00f3n en nuestro sitio web con el fin de mejorar la oferta de productos o servicios que le ofrecemos. <\/p>\n\n<p>Cookies t\u00e9cnicas: la cookie se utiliza para identificar a los clientes individuales detr\u00e1s de una direcci\u00f3n IP compartida y aplicar la configuraci\u00f3n de seguridad para cada cliente. No corresponde a ninguna identificaci\u00f3n de usuario en la aplicaci\u00f3n web y no almacena ninguna informaci\u00f3n de identificaci\u00f3n personal. <\/p>\n\n<p><strong>C\u00f3mo eliminar las cookies de terceros<\/strong><\/p>\n\n<p>Tenga en cuenta que si acepta las cookies de terceros, deber\u00e1 eliminarlas desde las opciones del navegador o desde el sistema ofrecido por el propio tercero.<\/p>\n\n<p><strong>Desactivaci\u00f3n de cookies a trav\u00e9s del navegador<\/strong><\/p>\n\n<p>Usted puede permitir, bloquear o eliminar las cookies instaladas en su dispositivo mediante la configuraci\u00f3n de las opciones del navegador instalado en su ordenador. Por favor, lea atentamente la secci\u00f3n de ayuda de su navegador para saber m\u00e1s sobre c\u00f3mo activar el \u201cmodo privado\u201d o desbloquear determinadas cookies. <\/p>\n\n<p><strong>Internet Explorer:<\/strong><\/p>\n\n<p>Puede consultar el soporte de Microsoft o la ayuda del navegador.<\/p>\n\n<p><strong>Firefox:<\/strong><\/p>\n\n<p>Puede consultar el soporte de Mozilla o la ayuda del navegador.<\/p>\n\n<p><strong>Chrome:<\/strong><\/p>\n\n<p>Puede consultar el soporte de Google o la ayuda del navegador.<\/p>\n\n<p><strong>Safari:<\/strong><\/p>\n\n<p>Puede consultar el soporte de Apple o la ayuda del navegador.<\/p>\n\n<p><strong>Actualizaciones y cambios en la Pol\u00edtica de Cookies<\/strong><\/p>\n\n<p>Photo Bonheur puede modificar esta Pol\u00edtica de Cookies para actualizarla o en funci\u00f3n de las exigencias legislativas y reglamentarias. Por ello, se aconseja a los usuarios que la consulten peri\u00f3dicamente. <\/p>\n\n<p>\u00daltima actualizaci\u00f3n: 20-02-2025<\/p>\n","protected":false},"excerpt":{"rendered":"<p>\u00bfQu\u00e9 son las cookies? Este sitio web utiliza cookies y\/o tecnolog\u00edas similares que almacenan y recuperan informaci\u00f3n cuando usted navega. [&hellip;]<\/p>\n","protected":false},"author":1,"featured_media":0,"parent":0,"menu_order":0,"comment_status":"closed","ping_status":"closed","template":"","meta":{"site-sidebar-layout":"default","site-content-layout":"","ast-site-content-layout":"default","site-content-style":"default","site-sidebar-style":"default","ast-global-header-display":"","ast-banner-title-visibility":"","ast-main-header-display":"","ast-hfb-above-header-display":"","ast-hfb-below-header-display":"","ast-hfb-mobile-header-display":"","site-post-title":"","ast-breadcrumbs-content":"","ast-featured-img":"","footer-sml-layout":"","ast-disable-related-posts":"","theme-transparent-header-meta":"","adv-header-id-meta":"","stick-header-meta":"","header-above-stick-meta":"","header-main-stick-meta":"","header-below-stick-meta":"","astra-migrate-meta-layouts":"default","ast-page-background-enabled":"default","ast-page-background-meta":{"desktop":{"background-color":"var(--ast-global-color-4)","background-image":"","background-repeat":"repeat","background-position":"center center","background-size":"auto","background-attachment":"scroll","background-type":"","background-media":"","overlay-type":"","overlay-color":"","overlay-opacity":"","overlay-gradient":""},"tablet":{"background-color":"","background-image":"","background-repeat":"repeat","background-position":"center center","background-size":"auto","background-attachment":"scroll","background-type":"","background-media":"","overlay-type":"","overlay-color":"","overlay-opacity":"","overlay-gradient":""},"mobile":{"background-color":"","background-image":"","background-repeat":"repeat","background-position":"center center","background-size":"auto","background-attachment":"scroll","background-type":"","background-media":"","overlay-type":"","overlay-color":"","overlay-opacity":"","overlay-gradient":""}},"ast-content-background-meta":{"desktop":{"background-color":"var(--ast-global-color-5)","background-image":"","background-repeat":"repeat","background-position":"center center","background-size":"auto","background-attachment":"scroll","background-type":"","background-media":"","overlay-type":"","overlay-color":"","overlay-opacity":"","overlay-gradient":""},"tablet":{"background-color":"var(--ast-global-color-5)","background-image":"","background-repeat":"repeat","background-position":"center center","background-size":"auto","background-attachment":"scroll","background-type":"","background-media":"","overlay-type":"","overlay-color":"","overlay-opacity":"","overlay-gradient":""},"mobile":{"background-color":"var(--ast-global-color-5)","background-image":"","background-repeat":"repeat","background-position":"center center","background-size":"auto","background-attachment":"scroll","background-type":"","background-media":"","overlay-type":"","overlay-color":"","overlay-opacity":"","overlay-gradient":""}},"footnotes":""},"class_list":["post-2293","page","type-page","status-publish","hentry"],"yoast_head":"<!-- This site is optimized with the Yoast SEO plugin v27.2 - https:\/\/yoast.com\/product\/yoast-seo-wordpress\/ -->\n<title>POL\u00cdTICA DE COOKIES &#171; Photo Bonheur<\/title>\n<meta name=\"robots\" content=\"index, follow, max-snippet:-1, max-image-preview:large, max-video-preview:-1\" \/>\n<link rel=\"canonical\" href=\"https:\/\/photobonheur.com\/es\/politica-de-cookies\/\" \/>\n<meta property=\"og:locale\" content=\"es_ES\" \/>\n<meta property=\"og:type\" content=\"article\" \/>\n<meta property=\"og:title\" content=\"POL\u00cdTICA DE COOKIES &#171; Photo Bonheur\" \/>\n<meta property=\"og:description\" content=\"\u00bfQu\u00e9 son las cookies? Este sitio web utiliza cookies y\/o tecnolog\u00edas similares que almacenan y recuperan informaci\u00f3n cuando usted navega. [&hellip;]\" \/>\n<meta property=\"og:url\" content=\"https:\/\/photobonheur.com\/es\/politica-de-cookies\/\" \/>\n<meta property=\"og:site_name\" content=\"Photo Bonheur\" \/>\n<meta property=\"article:modified_time\" content=\"2026-04-14T17:34:20+00:00\" \/>\n<meta property=\"og:image\" content=\"https:\/\/photobonheur.com\/wp-content\/uploads\/2025\/02\/logo-fondo-azul.png\" \/>\n\t<meta property=\"og:image:width\" content=\"563\" \/>\n\t<meta property=\"og:image:height\" content=\"563\" \/>\n\t<meta property=\"og:image:type\" content=\"image\/png\" \/>\n<meta name=\"twitter:card\" content=\"summary_large_image\" \/>\n<meta name=\"twitter:label1\" content=\"Tiempo de lectura\" \/>\n\t<meta name=\"twitter:data1\" content=\"2 minutos\" \/>\n<script type=\"application\/ld+json\" class=\"yoast-schema-graph\">{\"@context\":\"https:\/\/schema.org\",\"@graph\":[{\"@type\":\"WebPage\",\"@id\":\"https:\/\/photobonheur.com\/es\/politica-de-cookies\/\",\"url\":\"https:\/\/photobonheur.com\/es\/politica-de-cookies\/\",\"name\":\"POL\u00cdTICA DE COOKIES &#171; Photo Bonheur\",\"isPartOf\":{\"@id\":\"https:\/\/photobonheur.com\/#website\"},\"datePublished\":\"2024-07-12T16:29:17+00:00\",\"dateModified\":\"2026-04-14T17:34:20+00:00\",\"breadcrumb\":{\"@id\":\"https:\/\/photobonheur.com\/es\/politica-de-cookies\/#breadcrumb\"},\"inLanguage\":\"es\",\"potentialAction\":[{\"@type\":\"ReadAction\",\"target\":[\"https:\/\/photobonheur.com\/es\/politica-de-cookies\/\"]}]},{\"@type\":\"BreadcrumbList\",\"@id\":\"https:\/\/photobonheur.com\/es\/politica-de-cookies\/#breadcrumb\",\"itemListElement\":[{\"@type\":\"ListItem\",\"position\":1,\"name\":\"Inicio\",\"item\":\"https:\/\/photobonheur.com\/es\/inicio\/\"},{\"@type\":\"ListItem\",\"position\":2,\"name\":\"POL\u00cdTICA DE COOKIES\"}]},{\"@type\":\"WebSite\",\"@id\":\"https:\/\/photobonheur.com\/#website\",\"url\":\"https:\/\/photobonheur.com\/\",\"name\":\"Photo Bonheur\",\"description\":\"Photographe de moments pr\u00e9cieux en Suisse romande\",\"publisher\":{\"@id\":\"https:\/\/photobonheur.com\/#organization\"},\"potentialAction\":[{\"@type\":\"SearchAction\",\"target\":{\"@type\":\"EntryPoint\",\"urlTemplate\":\"https:\/\/photobonheur.com\/?s={search_term_string}\"},\"query-input\":{\"@type\":\"PropertyValueSpecification\",\"valueRequired\":true,\"valueName\":\"search_term_string\"}}],\"inLanguage\":\"es\"},{\"@type\":\"Organization\",\"@id\":\"https:\/\/photobonheur.com\/#organization\",\"name\":\"Photo Bonheur\",\"url\":\"https:\/\/photobonheur.com\/\",\"logo\":{\"@type\":\"ImageObject\",\"inLanguage\":\"es\",\"@id\":\"https:\/\/photobonheur.com\/#\/schema\/logo\/image\/\",\"url\":\"https:\/\/photobonheur.com\/wp-content\/uploads\/2025\/02\/cropped-logo-fondo-azul-e1740683435416.png\",\"contentUrl\":\"https:\/\/photobonheur.com\/wp-content\/uploads\/2025\/02\/cropped-logo-fondo-azul-e1740683435416.png\",\"width\":381,\"height\":334,\"caption\":\"Photo Bonheur\"},\"image\":{\"@id\":\"https:\/\/photobonheur.com\/#\/schema\/logo\/image\/\"},\"sameAs\":[\"https:\/\/www.instagram.com\/photobonheur.ch\/\"]}]}<\/script>\n<!-- \/ Yoast SEO plugin. -->","yoast_head_json":{"title":"POL\u00cdTICA DE COOKIES &#171; Photo Bonheur","robots":{"index":"index","follow":"follow","max-snippet":"max-snippet:-1","max-image-preview":"max-image-preview:large","max-video-preview":"max-video-preview:-1"},"canonical":"https:\/\/photobonheur.com\/es\/politica-de-cookies\/","og_locale":"es_ES","og_type":"article","og_title":"POL\u00cdTICA DE COOKIES &#171; Photo Bonheur","og_description":"\u00bfQu\u00e9 son las cookies? Este sitio web utiliza cookies y\/o tecnolog\u00edas similares que almacenan y recuperan informaci\u00f3n cuando usted navega. [&hellip;]","og_url":"https:\/\/photobonheur.com\/es\/politica-de-cookies\/","og_site_name":"Photo Bonheur","article_modified_time":"2026-04-14T17:34:20+00:00","og_image":[{"width":563,"height":563,"url":"https:\/\/photobonheur.com\/wp-content\/uploads\/2025\/02\/logo-fondo-azul.png","type":"image\/png"}],"twitter_card":"summary_large_image","twitter_misc":{"Tiempo de lectura":"2 minutos"},"schema":{"@context":"https:\/\/schema.org","@graph":[{"@type":"WebPage","@id":"https:\/\/photobonheur.com\/es\/politica-de-cookies\/","url":"https:\/\/photobonheur.com\/es\/politica-de-cookies\/","name":"POL\u00cdTICA DE COOKIES &#171; Photo Bonheur","isPartOf":{"@id":"https:\/\/photobonheur.com\/#website"},"datePublished":"2024-07-12T16:29:17+00:00","dateModified":"2026-04-14T17:34:20+00:00","breadcrumb":{"@id":"https:\/\/photobonheur.com\/es\/politica-de-cookies\/#breadcrumb"},"inLanguage":"es","potentialAction":[{"@type":"ReadAction","target":["https:\/\/photobonheur.com\/es\/politica-de-cookies\/"]}]},{"@type":"BreadcrumbList","@id":"https:\/\/photobonheur.com\/es\/politica-de-cookies\/#breadcrumb","itemListElement":[{"@type":"ListItem","position":1,"name":"Inicio","item":"https:\/\/photobonheur.com\/es\/inicio\/"},{"@type":"ListItem","position":2,"name":"POL\u00cdTICA DE COOKIES"}]},{"@type":"WebSite","@id":"https:\/\/photobonheur.com\/#website","url":"https:\/\/photobonheur.com\/","name":"Photo Bonheur","description":"Photographe de moments pr\u00e9cieux en Suisse romande","publisher":{"@id":"https:\/\/photobonheur.com\/#organization"},"potentialAction":[{"@type":"SearchAction","target":{"@type":"EntryPoint","urlTemplate":"https:\/\/photobonheur.com\/?s={search_term_string}"},"query-input":{"@type":"PropertyValueSpecification","valueRequired":true,"valueName":"search_term_string"}}],"inLanguage":"es"},{"@type":"Organization","@id":"https:\/\/photobonheur.com\/#organization","name":"Photo Bonheur","url":"https:\/\/photobonheur.com\/","logo":{"@type":"ImageObject","inLanguage":"es","@id":"https:\/\/photobonheur.com\/#\/schema\/logo\/image\/","url":"https:\/\/photobonheur.com\/wp-content\/uploads\/2025\/02\/cropped-logo-fondo-azul-e1740683435416.png","contentUrl":"https:\/\/photobonheur.com\/wp-content\/uploads\/2025\/02\/cropped-logo-fondo-azul-e1740683435416.png","width":381,"height":334,"caption":"Photo Bonheur"},"image":{"@id":"https:\/\/photobonheur.com\/#\/schema\/logo\/image\/"},"sameAs":["https:\/\/www.instagram.com\/photobonheur.ch\/"]}]}},"_links":{"self":[{"href":"https:\/\/photobonheur.com\/es\/wp-json\/wp\/v2\/pages\/2293","targetHints":{"allow":["GET"]}}],"collection":[{"href":"https:\/\/photobonheur.com\/es\/wp-json\/wp\/v2\/pages"}],"about":[{"href":"https:\/\/photobonheur.com\/es\/wp-json\/wp\/v2\/types\/page"}],"author":[{"embeddable":true,"href":"https:\/\/photobonheur.com\/es\/wp-json\/wp\/v2\/users\/1"}],"replies":[{"embeddable":true,"href":"https:\/\/photobonheur.com\/es\/wp-json\/wp\/v2\/comments?post=2293"}],"version-history":[{"count":1,"href":"https:\/\/photobonheur.com\/es\/wp-json\/wp\/v2\/pages\/2293\/revisions"}],"predecessor-version":[{"id":2294,"href":"https:\/\/photobonheur.com\/es\/wp-json\/wp\/v2\/pages\/2293\/revisions\/2294"}],"wp:attachment":[{"href":"https:\/\/photobonheur.com\/es\/wp-json\/wp\/v2\/media?parent=2293"}],"curies":[{"name":"wp","href":"https:\/\/api.w.org\/{rel}","templated":true}]}}